{"id":9,"date":"2018-08-01T16:09:38","date_gmt":"2018-08-01T16:09:38","guid":{"rendered":"http:\/\/worldcycling.es\/web\/?page_id=9"},"modified":"2024-10-08T09:22:19","modified_gmt":"2024-10-08T09:22:19","slug":"el-evento","status":"publish","type":"page","link":"https:\/\/worldcycling.es\/web\/el-evento\/","title":{"rendered":"Todos los detalles."},"content":{"rendered":"\t\t<div data-elementor-type=\"wp-page\" data-elementor-id=\"9\" class=\"elementor elementor-9\">\n\t\t\t\t\t\t<section class=\"elementor-section elementor-top-section elementor-element elementor-element-3e809a1 elementor-section-boxed elementor-section-height-default elementor-section-height-default\" data-id=\"3e809a1\" data-element_type=\"section\">\n\t\t\t\t\t\t<div class=\"elementor-container elementor-column-gap-default\">\n\t\t\t\t\t<div class=\"elementor-column elementor-col-100 elementor-top-column elementor-element elementor-element-58acc48\" data-id=\"58acc48\" data-element_type=\"column\">\n\t\t\t<div class=\"elementor-widget-wrap elementor-element-populated\">\n\t\t\t\t\t\t<div class=\"elementor-element elementor-element-dc333e3 elementor-widget elementor-widget-heading\" data-id=\"dc333e3\" data-element_type=\"widget\" data-widget_type=\"heading.default\">\n\t\t\t\t<div class=\"elementor-widget-container\">\n\t\t\t<h2 class=\"elementor-heading-title elementor-size-default\">1, 2, 3, 4, 5, 6, 7, 8, 9 \"D\u00c9CIMA EDICI\u00d3N\" <\/h2>\t\t<\/div>\n\t\t\t\t<\/div>\n\t\t\t\t\t<\/div>\n\t\t<\/div>\n\t\t\t\t\t<\/div>\n\t\t<\/section>\n\t\t\t\t<section class=\"elementor-section elementor-top-section elementor-element elementor-element-7325eff0 elementor-section-boxed elementor-section-height-default elementor-section-height-default\" data-id=\"7325eff0\" data-element_type=\"section\">\n\t\t\t\t\t\t<div class=\"elementor-container elementor-column-gap-default\">\n\t\t\t\t\t<div class=\"elementor-column elementor-col-100 elementor-top-column elementor-element elementor-element-49539714\" data-id=\"49539714\" data-element_type=\"column\">\n\t\t\t<div class=\"elementor-widget-wrap elementor-element-populated\">\n\t\t\t\t\t\t<div class=\"elementor-element elementor-element-5ff7ecbc elementor-widget elementor-widget-text-editor\" data-id=\"5ff7ecbc\" data-element_type=\"widget\" data-widget_type=\"text-editor.default\">\n\t\t\t\t<div class=\"elementor-widget-container\">\n\t\t\t\t\t\t\t<p><!-- wp:paragraph --><\/p>\n<p>Novena edici\u00f3n de \u00abWorld Cycling Pura Energ\u00eda\u00bb.<\/p>\n<p><span style=\"color: var( --e-global-color-text ); font-family: var( --e-global-typography-text-font-family ), Sans-serif; font-weight: var( --e-global-typography-text-font-weight ); font-size: 1rem;\">World Cycling 2024 Pura Energ\u00eda se celebra el S\u00e1bado 16 de noviembre de 2024 en la Ciudad de Dos Hermanas, En el Centro Comercial Carrefour de Dos Hermanas,&nbsp;<\/span><span style=\"color: var( --e-global-color-text ); font-family: var( --e-global-typography-text-font-family ), Sans-serif; font-weight: var( --e-global-typography-text-font-weight ); font-size: 1rem;\">situado en la Carretera N-IV, km 555<\/span><\/p>\n<p>Ademas en el<span style=\"color: var( --e-global-color-text ); font-family: var( --e-global-typography-text-font-family ), Sans-serif; font-weight: var( --e-global-typography-text-font-weight ); font-size: 1rem;\">&nbsp;centro Comercial Carrefour Dos Hermanas encontraras unos servicios de restauraci\u00f3n donde podr\u00e1s reponer fuerzas en sus establecimientos. Igualmente en los alrededores encontraras diferentes ofertas de restauraci\u00f3n para el almuerzo antes de enfrentarte a las 3 sesiones de la tarde.<\/span><\/p>\n<p><\/p>\n<p>El precio de la inscripci\u00f3n existen dos posibilidades:<\/p>\n<p><span style=\"color: var( --e-global-color-text ); font-family: var( --e-global-typography-text-font-family ), Sans-serif; font-weight: var( --e-global-typography-text-font-weight ); font-size: 1rem;\">\u00bb&nbsp;<\/span>I<span style=\"color: var( --e-global-color-text ); font-family: var( --e-global-typography-text-font-family ), Sans-serif; font-weight: var( --e-global-typography-text-font-weight ); font-size: 1rem;\">nscripci\u00f3n individual<\/span><span style=\"color: var( --e-global-color-text ); font-family: var( --e-global-typography-text-font-family ), Sans-serif; font-weight: var( --e-global-typography-text-font-weight ); font-size: 1rem;\">es:&nbsp; 40\u20ac \/ Persona<\/span><\/p>\n<p>La mejor sesi\u00f3n de Ciclo Indoor que puedas imaginar, los mejores monitores, la mejor m\u00fasica. Participa, vive, disfruta, siente\u2026<\/p>\n<p><\/p>\n<p>La inscripci\u00f3n incluye:&nbsp;<br>\u00bb Participar en WORLD CYCLING 2024 Pura Energ\u00eda<br>\u00bb Disfrutar de los mejores Instructores<br>\u00bb La M\u00fasica mas Alucinante<br>\u00bb Camiseta exclusiva del evento<br>\u00bb Mas de 20.000W de sonido&nbsp;<br>\u00bb Agua y frutas durante todo el evento<\/p>\n<p><!-- \/wp:paragraph --><\/p>\n<p><!-- wp:paragraph --><\/p>\n<p><span style=\"color: var( --e-global-color-text ); font-family: var( --e-global-typography-text-font-family ), Sans-serif; font-size: 1rem;\">Un magnifico equipo humano y un gran despliegue de medios para una sola cosa, que lo pases genial.<\/span><\/p>\n<p><!-- \/wp:paragraph --><\/p>\n<p><!-- wp:paragraph --><\/p>\n<p>Al dise\u00f1ar el evento siempre nos ponemos en el lugar del participante, e intentamos a\u00f1os tras a\u00f1o solventar todos los inconvenientes que vamos aprendiendo a lo largo de todas las ediciones.<\/p>\n<p><!-- \/wp:paragraph --><\/p>\n<p><!-- wp:paragraph --><\/p>\n<p>En la parte exterior del edificio disponemos de aparcamiento gratuito para los veh\u00edculos de participantes.<\/p>\n<p><!-- \/wp:paragraph --><\/p>\n<p><!-- wp:html --><\/p>\n<div><br><\/div>\n<p><!-- \/wp:html --><\/p>\t\t\t\t\t\t<\/div>\n\t\t\t\t<\/div>\n\t\t\t\t\t<\/div>\n\t\t<\/div>\n\t\t\t\t\t<\/div>\n\t\t<\/section>\n\t\t\t\t<\/div>\n\t\t","protected":false},"excerpt":{"rendered":"<p>1, 2, 3, 4, 5, 6, 7, 8, 9 \u00abD\u00c9CIMA EDICI\u00d3N\u00bb Novena edici\u00f3n de \u00abWorld Cycling Pura Energ\u00eda\u00bb. World Cycling 2024 Pura Energ\u00eda se celebra el S\u00e1bado 16 de noviembre de 2024 en la Ciudad de Dos Hermanas, En el Centro Comercial Carrefour de Dos Hermanas,&nbsp;situado en la Carretera N-IV, km 555 Ademas en el&nbsp;centro &hellip; <\/p>\n<p class=\"link-more\"><a href=\"https:\/\/worldcycling.es\/web\/el-evento\/\" class=\"more-link\">Continuar leyendo<span class=\"screen-reader-text\"> \u00abTodos los detalles.\u00bb<\/span><\/a><\/p>\n","protected":false},"author":1,"featured_media":175,"parent":0,"menu_order":0,"comment_status":"closed","ping_status":"closed","template":"","meta":{"footnotes":""},"class_list":["post-9","page","type-page","status-publish","has-post-thumbnail","hentry"],"_links":{"self":[{"href":"https:\/\/worldcycling.es\/web\/wp-json\/wp\/v2\/pages\/9","targetHints":{"allow":["GET"]}}],"collection":[{"href":"https:\/\/worldcycling.es\/web\/wp-json\/wp\/v2\/pages"}],"about":[{"href":"https:\/\/worldcycling.es\/web\/wp-json\/wp\/v2\/types\/page"}],"author":[{"embeddable":true,"href":"https:\/\/worldcycling.es\/web\/wp-json\/wp\/v2\/users\/1"}],"replies":[{"embeddable":true,"href":"https:\/\/worldcycling.es\/web\/wp-json\/wp\/v2\/comments?post=9"}],"version-history":[{"count":62,"href":"https:\/\/worldcycling.es\/web\/wp-json\/wp\/v2\/pages\/9\/revisions"}],"predecessor-version":[{"id":668,"href":"https:\/\/worldcycling.es\/web\/wp-json\/wp\/v2\/pages\/9\/revisions\/668"}],"wp:featuredmedia":[{"embeddable":true,"href":"https:\/\/worldcycling.es\/web\/wp-json\/wp\/v2\/media\/175"}],"wp:attachment":[{"href":"https:\/\/worldcycling.es\/web\/wp-json\/wp\/v2\/media?parent=9"}],"curies":[{"name":"wp","href":"https:\/\/api.w.org\/{rel}","templated":true}]}}