{"id":8,"date":"2018-08-01T16:09:38","date_gmt":"2018-08-01T16:09:38","guid":{"rendered":"http:\/\/worldcycling.es\/web\/?page_id=8"},"modified":"2024-06-20T10:39:20","modified_gmt":"2024-06-20T10:39:20","slug":"inicio","status":"publish","type":"page","link":"https:\/\/worldcycling.es\/web\/","title":{"rendered":"\u00bfQue es World Cycling 2024 Pura Energ\u00eda?"},"content":{"rendered":"\t\t<div data-elementor-type=\"wp-page\" data-elementor-id=\"8\" class=\"elementor elementor-8\">\n\t\t\t\t\t\t<section class=\"elementor-section elementor-top-section elementor-element elementor-element-73a0271 elementor-section-boxed elementor-section-height-default elementor-section-height-default\" data-id=\"73a0271\" data-element_type=\"section\">\n\t\t\t\t\t\t<div class=\"elementor-container elementor-column-gap-default\">\n\t\t\t\t\t<div class=\"elementor-column elementor-col-100 elementor-top-column elementor-element elementor-element-40feaa4c\" data-id=\"40feaa4c\" data-element_type=\"column\">\n\t\t\t<div class=\"elementor-widget-wrap elementor-element-populated\">\n\t\t\t\t\t\t<div class=\"elementor-element elementor-element-35c1d65c elementor-widget elementor-widget-text-editor\" data-id=\"35c1d65c\" data-element_type=\"widget\" data-widget_type=\"text-editor.default\">\n\t\t\t\t<div class=\"elementor-widget-container\">\n\t\t\t\t\t\t\t<p>Energ\u00eda, mucha energ\u00eda, ciclo indoor en estado puro.<\/p>\n<p>6 Sesiones con el sello inconfundible de World Cycling, la fuerza y energ\u00eda de nuestras sesiones son \u00fanicas. Tendremos paradas entre cada sesi\u00f3n unos descansos para hidratarse, comer, conocer a mas personas con tu misma pasi\u00f3n, compartir experiencias y hacer nuevos amigos. No te lo pierdas.<\/p>\n<p><!-- wp:paragraph --><\/p>\n<p><!-- \/wp:paragraph --><\/p>\t\t\t\t\t\t<\/div>\n\t\t\t\t<\/div>\n\t\t\t\t\t<\/div>\n\t\t<\/div>\n\t\t\t\t\t<\/div>\n\t\t<\/section>\n\t\t\t\t<\/div>\n\t\t","protected":false},"excerpt":{"rendered":"<p>Energ\u00eda, mucha energ\u00eda, ciclo indoor en estado puro. 6 Sesiones con el sello inconfundible de World Cycling, la fuerza y energ\u00eda de nuestras sesiones son \u00fanicas. Tendremos paradas entre cada sesi\u00f3n unos descansos para hidratarse, comer, conocer a mas personas con tu misma pasi\u00f3n, compartir experiencias y hacer nuevos amigos. No te lo pierdas.<\/p>\n","protected":false},"author":1,"featured_media":39,"parent":0,"menu_order":0,"comment_status":"closed","ping_status":"closed","template":"","meta":{"footnotes":""},"class_list":["post-8","page","type-page","status-publish","has-post-thumbnail","hentry"],"_links":{"self":[{"href":"https:\/\/worldcycling.es\/web\/wp-json\/wp\/v2\/pages\/8","targetHints":{"allow":["GET"]}}],"collection":[{"href":"https:\/\/worldcycling.es\/web\/wp-json\/wp\/v2\/pages"}],"about":[{"href":"https:\/\/worldcycling.es\/web\/wp-json\/wp\/v2\/types\/page"}],"author":[{"embeddable":true,"href":"https:\/\/worldcycling.es\/web\/wp-json\/wp\/v2\/users\/1"}],"replies":[{"embeddable":true,"href":"https:\/\/worldcycling.es\/web\/wp-json\/wp\/v2\/comments?post=8"}],"version-history":[{"count":19,"href":"https:\/\/worldcycling.es\/web\/wp-json\/wp\/v2\/pages\/8\/revisions"}],"predecessor-version":[{"id":645,"href":"https:\/\/worldcycling.es\/web\/wp-json\/wp\/v2\/pages\/8\/revisions\/645"}],"wp:featuredmedia":[{"embeddable":true,"href":"https:\/\/worldcycling.es\/web\/wp-json\/wp\/v2\/media\/39"}],"wp:attachment":[{"href":"https:\/\/worldcycling.es\/web\/wp-json\/wp\/v2\/media?parent=8"}],"curies":[{"name":"wp","href":"https:\/\/api.w.org\/{rel}","templated":true}]}}